{"id":31,"date":"2023-12-20T16:57:55","date_gmt":"2023-12-20T16:57:55","guid":{"rendered":"https:\/\/evisa.xpressbuddy.com\/?page_id=31"},"modified":"2024-06-20T18:32:43","modified_gmt":"2024-06-20T18:32:43","slug":"hakkimizda","status":"publish","type":"page","link":"https:\/\/www.seckintente.com\/?page_id=31","title":{"rendered":"Hakk\u0131m\u0131zda"},"content":{"rendered":"\t\t<div data-elementor-type=\"wp-page\" data-elementor-id=\"31\" class=\"elementor elementor-31\">\n\t\t\t\t\t\t<section class=\"elementor-section elementor-top-section elementor-element elementor-element-154eb76 elementor-section-boxed elementor-section-height-default elementor-section-height-default\" data-id=\"154eb76\" data-element_type=\"section\" data-e-type=\"section\">\n\t\t\t\t\t\t<div class=\"elementor-container elementor-column-gap-default\">\n\t\t\t\t\t<div class=\"elementor-column elementor-col-100 elementor-top-column elementor-element elementor-element-c3a73ae\" data-id=\"c3a73ae\" data-element_type=\"column\" data-e-type=\"column\">\n\t\t\t<div class=\"elementor-widget-wrap elementor-element-populated\">\n\t\t\t\t\t\t<div class=\"elementor-element elementor-element-884a73f elementor-widget elementor-widget-spacer\" data-id=\"884a73f\" data-element_type=\"widget\" data-e-type=\"widget\" data-widget_type=\"spacer.default\">\n\t\t\t\t<div class=\"elementor-widget-container\">\n\t\t\t\t\t\t\t<div class=\"elementor-spacer\">\n\t\t\t<div class=\"elementor-spacer-inner\"><\/div>\n\t\t<\/div>\n\t\t\t\t\t\t<\/div>\n\t\t\t\t<\/div>\n\t\t\t\t\t<\/div>\n\t\t<\/div>\n\t\t\t\t\t<\/div>\n\t\t<\/section>\n\t\t\t\t<section class=\"elementor-section elementor-top-section elementor-element elementor-element-e334063 elementor-section-boxed elementor-section-height-default elementor-section-height-default\" data-id=\"e334063\" data-element_type=\"section\" data-e-type=\"section\">\n\t\t\t\t\t\t<div class=\"elementor-container elementor-column-gap-default\">\n\t\t\t\t\t<div class=\"elementor-column elementor-col-100 elementor-top-column elementor-element elementor-element-4e0d10a\" data-id=\"4e0d10a\" data-element_type=\"column\" data-e-type=\"column\">\n\t\t\t<div class=\"elementor-widget-wrap elementor-element-populated\">\n\t\t\t\t\t\t<section class=\"elementor-section elementor-inner-section elementor-element elementor-element-f52160f elementor-section-content-middle elementor-section-boxed elementor-section-height-default elementor-section-height-default\" data-id=\"f52160f\" data-element_type=\"section\" data-e-type=\"section\">\n\t\t\t\t\t\t<div class=\"elementor-container elementor-column-gap-default\">\n\t\t\t\t\t<div class=\"elementor-column elementor-col-50 elementor-inner-column elementor-element elementor-element-c811ace\" data-id=\"c811ace\" data-element_type=\"column\" data-e-type=\"column\">\n\t\t\t<div class=\"elementor-widget-wrap elementor-element-populated\">\n\t\t\t\t\t\t<div class=\"elementor-element elementor-element-4d35655 elementor-widget elementor-widget-int-sec-title\" data-id=\"4d35655\" data-element_type=\"widget\" data-e-type=\"widget\" data-widget_type=\"int-sec-title.default\">\n\t\t\t\t<div class=\"elementor-widget-container\">\n\t\t\t\t\t                <div class=\"sec-title\">\r\n                            <h2 class=\"title wow skewIn\">Mekanlar\u0131n Tercihi\"<\/h2>\r\n                    <\/div>\r\n    \t\t\t\t<\/div>\n\t\t\t\t<\/div>\n\t\t\t\t\t<\/div>\n\t\t<\/div>\n\t\t\t\t<div class=\"elementor-column elementor-col-50 elementor-inner-column elementor-element elementor-element-fa0428d\" data-id=\"fa0428d\" data-element_type=\"column\" data-e-type=\"column\">\n\t\t\t<div class=\"elementor-widget-wrap elementor-element-populated\">\n\t\t\t\t\t\t<div class=\"elementor-element elementor-element-fcecd14 elementor-widget elementor-widget-text-editor\" data-id=\"fcecd14\" data-element_type=\"widget\" data-e-type=\"widget\" data-widget_type=\"text-editor.default\">\n\t\t\t\t<div class=\"elementor-widget-container\">\n\t\t\t\t\t\t\t\t\t<p>1987 Y\u0131l\u0131ndan bu yana T\u00fcrkiye ve d\u00fcnyada binlerce &#8220;Se\u00e7kin Mekanlar\u0131n Tercihi&#8221; olduk ve olmaya devam edece\u011fiz.<\/p>\t\t\t\t\t\t\t\t<\/div>\n\t\t\t\t<\/div>\n\t\t\t\t\t<\/div>\n\t\t<\/div>\n\t\t\t\t\t<\/div>\n\t\t<\/section>\n\t\t\t\t<section class=\"elementor-section elementor-inner-section elementor-element elementor-element-6ca5257 elementor-section-content-middle elementor-section-boxed elementor-section-height-default elementor-section-height-default\" data-id=\"6ca5257\" data-element_type=\"section\" data-e-type=\"section\">\n\t\t\t\t\t\t<div class=\"elementor-container elementor-column-gap-default\">\n\t\t\t\t\t<div class=\"elementor-column elementor-col-100 elementor-inner-column elementor-element elementor-element-e04587f\" data-id=\"e04587f\" data-element_type=\"column\" data-e-type=\"column\">\n\t\t\t<div class=\"elementor-widget-wrap elementor-element-populated\">\n\t\t\t\t\t\t<div class=\"elementor-element elementor-element-1f88ae3 elementor-widget elementor-widget-image\" data-id=\"1f88ae3\" data-element_type=\"widget\" data-e-type=\"widget\" data-widget_type=\"image.default\">\n\t\t\t\t<div class=\"elementor-widget-container\">\n\t\t\t\t\t\t\t\t\t\t\t\t\t\t\t<img fetchpriority=\"high\" decoding=\"async\" width=\"1920\" height=\"822\" src=\"https:\/\/www.seckintente.com\/wp-content\/uploads\/2024\/06\/flag.jpg\" class=\"attachment-full size-full wp-image-6236\" alt=\"\" srcset=\"https:\/\/www.seckintente.com\/wp-content\/uploads\/2024\/06\/flag.jpg 1920w, https:\/\/www.seckintente.com\/wp-content\/uploads\/2024\/06\/flag-300x128.jpg 300w, https:\/\/www.seckintente.com\/wp-content\/uploads\/2024\/06\/flag-1024x438.jpg 1024w, https:\/\/www.seckintente.com\/wp-content\/uploads\/2024\/06\/flag-768x329.jpg 768w, https:\/\/www.seckintente.com\/wp-content\/uploads\/2024\/06\/flag-1536x658.jpg 1536w\" sizes=\"(max-width: 1920px) 100vw, 1920px\" \/>\t\t\t\t\t\t\t\t\t\t\t\t\t\t\t<\/div>\n\t\t\t\t<\/div>\n\t\t\t\t\t<\/div>\n\t\t<\/div>\n\t\t\t\t\t<\/div>\n\t\t<\/section>\n\t\t\t\t<section class=\"elementor-section elementor-inner-section elementor-element elementor-element-05e112e elementor-section-content-middle elementor-section-boxed elementor-section-height-default elementor-section-height-default\" data-id=\"05e112e\" data-element_type=\"section\" data-e-type=\"section\">\n\t\t\t\t\t\t<div class=\"elementor-container elementor-column-gap-default\">\n\t\t\t\t\t<div class=\"elementor-column elementor-col-100 elementor-inner-column elementor-element elementor-element-f54a5b9\" data-id=\"f54a5b9\" data-element_type=\"column\" data-e-type=\"column\">\n\t\t\t<div class=\"elementor-widget-wrap elementor-element-populated\">\n\t\t\t\t\t\t<div class=\"elementor-element elementor-element-62c881e elementor-widget elementor-widget-int-sec-title\" data-id=\"62c881e\" data-element_type=\"widget\" data-e-type=\"widget\" data-widget_type=\"int-sec-title.default\">\n\t\t\t\t<div class=\"elementor-widget-container\">\n\t\t\t\t\t                <div class=\"sec-title\">\r\n                            <h2 class=\"title wow skewIn\">Hakk\u0131m\u0131zda<\/h2>\r\n                            <p>Se\u00e7kin Tente h\u0131zla b\u00fcy\u00fcyen tente sekt\u00f6r\u00fcnde T\u00fcrkiye'nin \u00f6nde gelen firmalar\u0131 aras\u0131nda yer almaktad\u0131r. Sekt\u00f6r\u00fcn\u00fcn en eski firmalar\u0131ndan biridir ve resmi olarak 1987 y\u0131l\u0131nda hizmet vermeye ba\u015flam\u0131\u015ft\u0131r.\n\n\u00dcr\u00fcnlerimiz ve kalitemiz sayesinde T\u00fcrkiye genelinde ba\u015far\u0131yla tan\u0131n\u0131r ve tercih edilirken, yurt d\u0131\u015f\u0131nda da h\u0131zla faaliyet g\u00f6stermekteyiz. <br><br>Se\u00e7kin Tente, d\u00fcnya \u00e7ap\u0131nda h\u0131zla b\u00fcy\u00fcyen ortak a\u011f\u0131n\u0131 ve sat\u0131\u015f noktalar\u0131n\u0131 g\u00fcvence alt\u0131na alarak, k\u00e2rl\u0131 b\u00fcy\u00fcme i\u00e7in s\u00fcrekli olarak yeni f\u0131rsatlar yakalar.\n\nFarkl\u0131 tasar\u0131m ve pratik kullan\u0131m sa\u011flayan \u00fcr\u00fcnlerimiz; Sa\u011fl\u0131kl\u0131 bir i\u015f ahlak\u0131 ile, d\u00fcnyan\u0131n her yerindeki m\u00fc\u015fterilerimize m\u00fcmk\u00fcn olan en kaliteli \u00fcr\u00fcnleri ve en iyi hizmet deneyimini sunmak i\u00e7in ihtiyac\u0131 anl\u0131yor ve \u00e7al\u0131\u015f\u0131yoruz.\n<br><br>\n<b>YARIM ASIRDIR T\u00dcRK\u0130YE VE D\u00dcNYA \u0130\u00c7\u0130N \u00dcRET\u0130YORUZ<\/b><br><br>\nUzun y\u0131llard\u0131r sekt\u00f6rde hizmet veren firmam\u0131z bug\u00fcne kadar binlerce tente sistemini ba\u015far\u0131yla uygulam\u0131\u015f ve m\u00fc\u015fterilerinin en se\u00e7kin markas\u0131 haline gelmi\u015ftir.<br><br>\n\n<b>Geni\u015f \u00dcr\u00fcn Yelpazesi<\/b> <br><br>\n\n\u00dcr\u00fcnlerimiz ve kalitemiz sayesinde T\u00fcrkiye genelinde ba\u015far\u0131yla tan\u0131n\u0131r ve tercih edilirken, yurt d\u0131\u015f\u0131nda da h\u0131zla faaliyet g\u00f6stermekteyiz. \u015eirket, d\u00fcnya \u00e7ap\u0131nda h\u0131zla b\u00fcy\u00fcyen ortak a\u011f\u0131n\u0131 ve sat\u0131\u015f noktalar\u0131n\u0131 g\u00fcvence alt\u0131na alarak, k\u00e2rl\u0131 b\u00fcy\u00fcme i\u00e7in s\u00fcrekli olarak yeni f\u0131rsatlar yakalar.\n<br><br>\n<b>Tasar\u0131m Deste\u011fi<\/b>\n<br><br>\nFarkl\u0131 tasar\u0131m ve pratik kullan\u0131m sa\u011flayan \u00fcr\u00fcnlerimiz; Sa\u011fl\u0131kl\u0131 bir i\u015f ahlak\u0131 ile, d\u00fcnyan\u0131n her yerindeki m\u00fc\u015fterilerimize m\u00fcmk\u00fcn olan en kaliteli \u00fcr\u00fcnleri ve en iyi hizmet deneyimini sunmak i\u00e7in ihtiyac\u0131 anl\u0131yor ve \u00e7al\u0131\u015f\u0131yoruz.\n<br><br>\n<b>Misyonumuz ve Vizyonumuz<\/b>\n<br><br>\nSekt\u00f6r\u00fcm\u00fczde T\u00fcrkiye'nin \u00f6nde gelen firmalar\u0131 aras\u0131ndaki yerimizi d\u00fcnyan\u0131n bir\u00e7ok \u00fclkesinde ayn\u0131 seviyeye \u00e7\u0131kararak, kaliteyi d\u00fcnyaya sunmak istiyoruz.\n<br><br>\nGe\u00e7mi\u015ften bug\u00fcne s\u00fcrd\u00fcrd\u00fc\u011f\u00fcm\u00fcz kaliteli, g\u00fcvenilir hizmet anlay\u0131\u015f\u0131n\u0131 daha da geli\u015ftirerek b\u00fcy\u00fcme hedefimizi istikrara kavu\u015fturmaya devam etmek istiyoruz.\n<br><br>\nM\u00fc\u015fteri memnuniyeti, sa\u011fl\u0131kl\u0131 ileti\u015fim, zaman\u0131nda teslimat ve i\u015f g\u00fcc\u00fcm\u00fcz\u00fcn g\u00fc\u00e7lendirilmesini sa\u011flayan t\u00fcm \u00f6zelliklerimizi korumay\u0131 ve geli\u015ftirmeyi ama\u00e7l\u0131yoruz.<\/p>\r\n                    <\/div>\r\n    \t\t\t\t<\/div>\n\t\t\t\t<\/div>\n\t\t\t\t\t<\/div>\n\t\t<\/div>\n\t\t\t\t\t<\/div>\n\t\t<\/section>\n\t\t\t\t\t<\/div>\n\t\t<\/div>\n\t\t\t\t\t<\/div>\n\t\t<\/section>\n\t\t\t\t<section class=\"elementor-section elementor-top-section elementor-element elementor-element-e7c4ded elementor-section-boxed elementor-section-height-default elementor-section-height-default\" data-id=\"e7c4ded\" data-element_type=\"section\" data-e-type=\"section\">\n\t\t\t\t\t\t<div class=\"elementor-container elementor-column-gap-default\">\n\t\t\t\t\t<div class=\"elementor-column elementor-col-100 elementor-top-column elementor-element elementor-element-a41eecb\" data-id=\"a41eecb\" data-element_type=\"column\" data-e-type=\"column\">\n\t\t\t<div class=\"elementor-widget-wrap elementor-element-populated\">\n\t\t\t\t\t\t<div class=\"elementor-element elementor-element-bd21f39 elementor-widget elementor-widget-spacer\" data-id=\"bd21f39\" data-element_type=\"widget\" data-e-type=\"widget\" data-widget_type=\"spacer.default\">\n\t\t\t\t<div class=\"elementor-widget-container\">\n\t\t\t\t\t\t\t<div class=\"elementor-spacer\">\n\t\t\t<div class=\"elementor-spacer-inner\"><\/div>\n\t\t<\/div>\n\t\t\t\t\t\t<\/div>\n\t\t\t\t<\/div>\n\t\t\t\t\t<\/div>\n\t\t<\/div>\n\t\t\t\t\t<\/div>\n\t\t<\/section>\n\t\t\t\t<section class=\"elementor-section elementor-top-section elementor-element elementor-element-292cab38 elementor-section-boxed elementor-section-height-default elementor-section-height-default\" data-id=\"292cab38\" data-element_type=\"section\" data-e-type=\"section\">\n\t\t\t\t\t\t<div class=\"elementor-container elementor-column-gap-default\">\n\t\t\t\t\t<div class=\"elementor-column elementor-col-50 elementor-top-column elementor-element elementor-element-a52b3de\" data-id=\"a52b3de\" data-element_type=\"column\" data-e-type=\"column\">\n\t\t\t<div class=\"elementor-widget-wrap elementor-element-populated\">\n\t\t\t\t\t\t<div class=\"elementor-element elementor-element-25f28cee elementor-position-inline-start elementor-view-default elementor-mobile-position-block-start elementor-widget elementor-widget-icon-box\" data-id=\"25f28cee\" data-element_type=\"widget\" data-e-type=\"widget\" data-widget_type=\"icon-box.default\">\n\t\t\t\t<div class=\"elementor-widget-container\">\n\t\t\t\t\t\t\t<div class=\"elementor-icon-box-wrapper\">\n\n\t\t\t\t\t\t<div class=\"elementor-icon-box-icon\">\n\t\t\t\t<span  class=\"elementor-icon\">\n\t\t\t\t<svg aria-hidden=\"true\" class=\"e-font-icon-svg e-fab-whatsapp\" viewBox=\"0 0 448 512\" xmlns=\"http:\/\/www.w3.org\/2000\/svg\"><path d=\"M380.9 97.1C339 55.1 283.2 32 223.9 32c-122.4 0-222 99.6-222 222 0 39.1 10.2 77.3 29.6 111L0 480l117.7-30.9c32.4 17.7 68.9 27 106.1 27h.1c122.3 0 224.1-99.6 224.1-222 0-59.3-25.2-115-67.1-157zm-157 341.6c-33.2 0-65.7-8.9-94-25.7l-6.7-4-69.8 18.3L72 359.2l-4.4-7c-18.5-29.4-28.2-63.3-28.2-98.2 0-101.7 82.8-184.5 184.6-184.5 49.3 0 95.6 19.2 130.4 54.1 34.8 34.9 56.2 81.2 56.1 130.5 0 101.8-84.9 184.6-186.6 184.6zm101.2-138.2c-5.5-2.8-32.8-16.2-37.9-18-5.1-1.9-8.8-2.8-12.5 2.8-3.7 5.6-14.3 18-17.6 21.8-3.2 3.7-6.5 4.2-12 1.4-32.6-16.3-54-29.1-75.5-66-5.7-9.8 5.7-9.1 16.3-30.3 1.8-3.7.9-6.9-.5-9.7-1.4-2.8-12.5-30.1-17.1-41.2-4.5-10.8-9.1-9.3-12.5-9.5-3.2-.2-6.9-.2-10.6-.2-3.7 0-9.7 1.4-14.8 6.9-5.1 5.6-19.4 19-19.4 46.3 0 27.3 19.9 53.7 22.6 57.4 2.8 3.7 39.1 59.7 94.8 83.8 35.2 15.2 49 16.5 66.6 13.9 10.7-1.6 32.8-13.4 37.4-26.4 4.6-13 4.6-24.1 3.2-26.4-1.3-2.5-5-3.9-10.5-6.6z\"><\/path><\/svg>\t\t\t\t<\/span>\n\t\t\t<\/div>\n\t\t\t\n\t\t\t\t\t\t<div class=\"elementor-icon-box-content\">\n\n\t\t\t\t\t\t\t\t\t<h3 class=\"elementor-icon-box-title\">\n\t\t\t\t\t\t<span  >\n\t\t\t\t\t\t\tWhatsapp +90 545 434 31 34\t\t\t\t\t\t<\/span>\n\t\t\t\t\t<\/h3>\n\t\t\t\t\n\t\t\t\t\t\t\t\t\t<p class=\"elementor-icon-box-description\">\n\t\t\t\t\t\t\u00dcr\u00fcnlerimiz hakk\u0131nda whatsapptan soru sorun.\t\t\t\t\t<\/p>\n\t\t\t\t\n\t\t\t<\/div>\n\t\t\t\n\t\t<\/div>\n\t\t\t\t\t\t<\/div>\n\t\t\t\t<\/div>\n\t\t\t\t\t<\/div>\n\t\t<\/div>\n\t\t\t\t<div class=\"elementor-column elementor-col-50 elementor-top-column elementor-element elementor-element-76cc36aa\" data-id=\"76cc36aa\" data-element_type=\"column\" data-e-type=\"column\">\n\t\t\t<div class=\"elementor-widget-wrap elementor-element-populated\">\n\t\t\t\t\t\t<div class=\"elementor-element elementor-element-41bb3323 elementor-position-inline-start elementor-view-default elementor-mobile-position-block-start elementor-widget elementor-widget-icon-box\" data-id=\"41bb3323\" data-element_type=\"widget\" data-e-type=\"widget\" data-widget_type=\"icon-box.default\">\n\t\t\t\t<div class=\"elementor-widget-container\">\n\t\t\t\t\t\t\t<div class=\"elementor-icon-box-wrapper\">\n\n\t\t\t\t\t\t<div class=\"elementor-icon-box-icon\">\n\t\t\t\t<span  class=\"elementor-icon\">\n\t\t\t\t<i aria-hidden=\"true\" class=\"icon icon-phone-wave\"><\/i>\t\t\t\t<\/span>\n\t\t\t<\/div>\n\t\t\t\n\t\t\t\t\t\t<div class=\"elementor-icon-box-content\">\n\n\t\t\t\t\t\t\t\t\t<h3 class=\"elementor-icon-box-title\">\n\t\t\t\t\t\t<span  >\n\t\t\t\t\t\t\tTelefon : +90 212 690 6269\t\t\t\t\t\t<\/span>\n\t\t\t\t\t<\/h3>\n\t\t\t\t\n\t\t\t\t\t\t\t\t\t<p class=\"elementor-icon-box-description\">\n\t\t\t\t\t\tHaftai\u00e7i\/Cts : 09.30 - 18.00 Pazar: Kapal\u0131\t\t\t\t\t<\/p>\n\t\t\t\t\n\t\t\t<\/div>\n\t\t\t\n\t\t<\/div>\n\t\t\t\t\t\t<\/div>\n\t\t\t\t<\/div>\n\t\t\t\t\t<\/div>\n\t\t<\/div>\n\t\t\t\t\t<\/div>\n\t\t<\/section>\n\t\t\t\t<section class=\"elementor-section elementor-top-section elementor-element elementor-element-9a85d71 elementor-section-boxed elementor-section-height-default elementor-section-height-default\" data-id=\"9a85d71\" data-element_type=\"section\" data-e-type=\"section\">\n\t\t\t\t\t\t<div class=\"elementor-container elementor-column-gap-default\">\n\t\t\t\t\t<div class=\"elementor-column elementor-col-100 elementor-top-column elementor-element elementor-element-64771a9\" data-id=\"64771a9\" data-element_type=\"column\" data-e-type=\"column\">\n\t\t\t<div class=\"elementor-widget-wrap elementor-element-populated\">\n\t\t\t\t\t\t<div class=\"elementor-element elementor-element-95d3e96 elementor-widget elementor-widget-spacer\" data-id=\"95d3e96\" data-element_type=\"widget\" data-e-type=\"widget\" data-widget_type=\"spacer.default\">\n\t\t\t\t<div class=\"elementor-widget-container\">\n\t\t\t\t\t\t\t<div class=\"elementor-spacer\">\n\t\t\t<div class=\"elementor-spacer-inner\"><\/div>\n\t\t<\/div>\n\t\t\t\t\t\t<\/div>\n\t\t\t\t<\/div>\n\t\t\t\t\t<\/div>\n\t\t<\/div>\n\t\t\t\t\t<\/div>\n\t\t<\/section>\n\t\t\t\t<\/div>\n\t\t","protected":false},"excerpt":{"rendered":"<p>Mekanlar\u0131n Tercihi&#8221; 1987 Y\u0131l\u0131ndan bu yana T\u00fcrkiye ve d\u00fcnyada binlerce &#8220;Se\u00e7kin Mekanlar\u0131n Tercihi&#8221; olduk ve olmaya devam edece\u011fiz. Hakk\u0131m\u0131zda Se\u00e7kin Tente h\u0131zla b\u00fcy\u00fcyen tente sekt\u00f6r\u00fcnde T\u00fcrkiye&#8217;nin \u00f6nde gelen firmalar\u0131 aras\u0131nda yer almaktad\u0131r. Sekt\u00f6r\u00fcn\u00fcn en eski firmalar\u0131ndan biridir ve resmi olarak 1987 y\u0131l\u0131nda hizmet vermeye ba\u015flam\u0131\u015ft\u0131r. \u00dcr\u00fcnlerimiz ve kalitemiz sayesinde T\u00fcrkiye genelinde ba\u015far\u0131yla tan\u0131n\u0131r ve tercih [&hellip;]<\/p>\n","protected":false},"author":1,"featured_media":0,"parent":0,"menu_order":0,"comment_status":"closed","ping_status":"closed","template":"elementor_header_footer","meta":{"footnotes":""},"class_list":["post-31","page","type-page","status-publish","hentry"],"aioseo_notices":[],"_links":{"self":[{"href":"https:\/\/www.seckintente.com\/index.php?rest_route=\/wp\/v2\/pages\/31","targetHints":{"allow":["GET"]}}],"collection":[{"href":"https:\/\/www.seckintente.com\/index.php?rest_route=\/wp\/v2\/pages"}],"about":[{"href":"https:\/\/www.seckintente.com\/index.php?rest_route=\/wp\/v2\/types\/page"}],"author":[{"embeddable":true,"href":"https:\/\/www.seckintente.com\/index.php?rest_route=\/wp\/v2\/users\/1"}],"replies":[{"embeddable":true,"href":"https:\/\/www.seckintente.com\/index.php?rest_route=%2Fwp%2Fv2%2Fcomments&post=31"}],"version-history":[{"count":37,"href":"https:\/\/www.seckintente.com\/index.php?rest_route=\/wp\/v2\/pages\/31\/revisions"}],"predecessor-version":[{"id":6334,"href":"https:\/\/www.seckintente.com\/index.php?rest_route=\/wp\/v2\/pages\/31\/revisions\/6334"}],"wp:attachment":[{"href":"https:\/\/www.seckintente.com\/index.php?rest_route=%2Fwp%2Fv2%2Fmedia&parent=31"}],"curies":[{"name":"wp","href":"https:\/\/api.w.org\/{rel}","templated":true}]}}